{"id":3,"date":"2019-08-07T19:56:09","date_gmt":"2019-08-07T17:56:09","guid":{"rendered":"https:\/\/www.zeit-frei.at\/bo3\/?page_id=3"},"modified":"2022-11-08T08:13:22","modified_gmt":"2022-11-08T07:13:22","slug":"datenschutzerklaerung","status":"publish","type":"page","link":"https:\/\/www.zeit-frei.at\/bo3\/datenschutzerklaerung\/","title":{"rendered":"Datenschutzerkl\u00e4rung"},"content":{"rendered":"\n<h3>Erkl\u00e4rung zur Informationspflicht<\/h3>\n\n\n\n<p><strong>Datenschutzerkl\u00e4rung<\/strong><\/p>\n\n\n\n<p>In folgender Datenschutzerkl\u00e4rung informieren wir Sie \u00fcber die wichtigsten Aspekte der Datenverarbeitung im Rahmen unserer Webseite. Wir erheben und verarbeiten personenbezogene Daten nur auf Grundlage der gesetzlichen Bestimmungen (Datenschutzgrundverordnung, Telekommunikationsgesetz 2003).<\/p>\n\n\n\n<p>Sobald Sie als Benutzer auf unsere Webseite zugreifen oder diese besuchen wird Ihre IP-Adresse, Beginn sowie Beginn und Ende der Sitzung erfasst. Dies ist technisch bedingt und stellt somit ein berechtigtes Interesse iSv Art 6 Abs 1 lit f DSGVO.<\/p>\n\n\n\n<h5>Kontakt mit uns<\/h5>\n\n\n\n<p>Wenn Sie uns, entweder \u00fcber unser Kontaktformular auf unserer Webseite, oder per Email kontaktieren, dann werden die von Ihnen an uns \u00fcbermittelten Daten zwecks Bearbeitung Ihrer Anfrage oder f\u00fcr den Fall von weiteren Anschlussfragen f\u00fcr sechs Monate bei uns gespeichert. Es erfolgt, ohne Ihre Einwilligung, keine Weitergabe Ihrer \u00fcbermittelten Daten.<\/p>\n\n\n\n<h5>Cookies<\/h5>\n\n\n\n<p>Unsere Website verwendet so genannte Cookies. Dabei handelt es sich um kleine Textdateien, die mit Hilfe des Browsers auf Ihrem Endger\u00e4t abgelegt werden. Sie richten keinen Schaden an. Wir nutzen Cookies dazu, unser Angebot nutzerfreundlich zu gestalten. Einige Cookies bleiben auf Ihrem Endger\u00e4t gespeichert, bis Sie diese l\u00f6schen. Sie erm\u00f6glichen es uns, Ihren Browser beim n\u00e4chsten Besuch wiederzuerkennen. Wenn Sie dies nicht w\u00fcnschen, so k\u00f6nnen Sie Ihren Browser so einrichten, dass er Sie \u00fcber das Setzen von Cookies informiert und Sie dies nur im Einzelfall erlauben. Bei der Deaktivierung von Cookies kann die Funktionalit\u00e4t unserer Website eingeschr\u00e4nkt sein.<\/p>\n\n\n\n<h5>Server-Log Files<\/h5>\n\n\n\n<p>Diese Webseite und der damit verbundene Provider erhebt im Zuge der Webseitennutzung automatisch Informationen im Rahmen sogenannter \u201eServer-Log Files\u201c. Dies betrifft insbesondere:<\/p>\n\n\n\n<ul><li>IP-Adresse oder Hostname<\/li><li>den verwendeten Browser<\/li><li>Aufenthaltsdauer auf der Webseite sowie Datum und Uhrzeit<\/li><li>aufgerufene Seiten der Webseite<\/li><li>Spracheinstellungen und Betriebssystem<\/li><li>\u201eLeaving-Page\u201c (auf welcher URL hat der Benutzer die Webseite verlassen)<\/li><li>ISP (Internet Service Provider)<\/li><\/ul>\n\n\n\n<p>Diese erhobenen Informationen werden nicht personenbezogen verarbeitet oder mit personenbezogenen Daten in Verbindung gebracht.<\/p>\n\n\n\n<p>Der Webseitenbetreiber beh\u00e4lt es sich vor, im Falle von Bekanntwerden rechtswidriger T\u00e4tigkeiten, diese Daten auszuwerten oder zu \u00fcberpr\u00fcfen.<\/p>\n\n\n\n<h5>Ihre Rechte als Betroffener<\/h5>\n\n\n\n<p>Sie als Betroffener haben bez\u00fcglich Ihrer Daten, welche bei uns gespeichert sind grunds\u00e4tzlich ein Recht auf:<\/p>\n\n\n\n<ul><li>Auskunft<\/li><li>L\u00f6schung der Daten<\/li><li>Berichtigung der Daten<\/li><li>\u00dcbertragbarkeit der Daten<\/li><li>Wiederruf und Widerspruch zur Datenverarbeitung<\/li><li>Einschr\u00e4nkung<\/li><\/ul>\n\n\n\n<p>Wenn sie vermuten, dass im Zuge der Verarbeitung Ihrer Daten Verst\u00f6\u00dfe gegen das Datenschutzrecht passiert sind, so haben Sie die M\u00f6glichkeit sich bei uns (bo3@zeit-frei.at) oder der Datenschutzbeh\u00f6rde zu beschweren.<\/p>\n\n\n\n<h5>Sie erreichen uns unter folgenden Kontaktdaten:<\/h5>\n\n\n\n<p><strong>Webseitenbetreiber:<\/strong> Victoria Fasching-Hohl<br><strong>Telefonnummer:<\/strong><br><strong>Email:<\/strong> bo3@zeit-frei.at<\/p>\n\n\n\n<p>Quelle: <strong><a href=\"https:\/\/fairesrecht.at\/anwalt\/ort\/Wien\/1\">fairesRecht.at<\/a><\/strong> in Kooperation mit <strong><a href=\"https:\/\/fairesspiel.at\/\">Geld zur\u00fcck fordern Online Casino<\/a><\/strong><\/p>\n","protected":false},"excerpt":{"rendered":"<p>Erkl\u00e4rung zur Informationspflicht Datenschutzerkl\u00e4rung In folgender Datenschutzerkl\u00e4rung informieren wir Sie \u00fcber die wichtigsten Aspekte der Datenverarbeitung im Rahmen unserer Webseite. Wir erheben und verarbeiten personenbezogene Daten nur auf Grundlage der gesetzlichen Bestimmungen (Datenschutzgrundverordnung, Telekommunikationsgesetz 2003). Sobald Sie als Benutzer auf unsere Webseite zugreifen oder diese besuchen wird Ihre IP-Adresse, Beginn sowie Beginn und Ende der [&hellip;]<\/p>\n","protected":false},"author":1,"featured_media":0,"parent":0,"menu_order":0,"comment_status":"closed","ping_status":"closed","template":"","meta":{"_monsterinsights_skip_tracking":false,"_monsterinsights_sitenote_active":false,"_monsterinsights_sitenote_note":"","_monsterinsights_sitenote_category":0},"yoast_head":"<!-- This site is optimized with the Yoast SEO plugin v18.2 - https:\/\/yoast.com\/wordpress\/plugins\/seo\/ -->\n<title>Datenschutzerkl\u00e4rung &bull; BO3<\/title>\n<meta name=\"robots\" content=\"index, follow, max-snippet:-1, max-image-preview:large, max-video-preview:-1\" \/>\n<link rel=\"canonical\" href=\"https:\/\/www.zeit-frei.at\/bo3\/datenschutzerklaerung\/\" \/>\n<meta property=\"og:locale\" content=\"de_DE\" \/>\n<meta property=\"og:type\" content=\"article\" \/>\n<meta property=\"og:title\" content=\"Datenschutzerkl\u00e4rung &bull; BO3\" \/>\n<meta property=\"og:description\" content=\"Erkl\u00e4rung zur Informationspflicht Datenschutzerkl\u00e4rung In folgender Datenschutzerkl\u00e4rung informieren wir Sie \u00fcber die wichtigsten Aspekte der Datenverarbeitung im Rahmen unserer Webseite. Wir erheben und verarbeiten personenbezogene Daten nur auf Grundlage der gesetzlichen Bestimmungen (Datenschutzgrundverordnung, Telekommunikationsgesetz 2003). Sobald Sie als Benutzer auf unsere Webseite zugreifen oder diese besuchen wird Ihre IP-Adresse, Beginn sowie Beginn und Ende der [&hellip;]\" \/>\n<meta property=\"og:url\" content=\"https:\/\/www.zeit-frei.at\/bo3\/datenschutzerklaerung\/\" \/>\n<meta property=\"og:site_name\" content=\"BO3\" \/>\n<meta property=\"article:modified_time\" content=\"2022-11-08T07:13:22+00:00\" \/>\n<meta name=\"twitter:card\" content=\"summary_large_image\" \/>\n<meta name=\"twitter:label1\" content=\"Gesch\u00e4tzte Lesezeit\" \/>\n\t<meta name=\"twitter:data1\" content=\"3\u00a0Minuten\" \/>\n<script type=\"application\/ld+json\" class=\"yoast-schema-graph\">{\"@context\":\"https:\/\/schema.org\",\"@graph\":[{\"@type\":\"Organization\",\"@id\":\"https:\/\/www.zeit-frei.at\/bo3\/#organization\",\"name\":\"Das BO3\",\"url\":\"https:\/\/www.zeit-frei.at\/bo3\/\",\"sameAs\":[\"https:\/\/www.instagram.com\/das.bo3\/\"],\"logo\":{\"@type\":\"ImageObject\",\"@id\":\"https:\/\/www.zeit-frei.at\/bo3\/#logo\",\"inLanguage\":\"de\",\"url\":\"https:\/\/www.zeit-frei.at\/bo3\/wp-content\/uploads\/2020\/03\/background.jpg\",\"contentUrl\":\"https:\/\/www.zeit-frei.at\/bo3\/wp-content\/uploads\/2020\/03\/background.jpg\",\"width\":2000,\"height\":1335,\"caption\":\"Das BO3\"},\"image\":{\"@id\":\"https:\/\/www.zeit-frei.at\/bo3\/#logo\"}},{\"@type\":\"WebSite\",\"@id\":\"https:\/\/www.zeit-frei.at\/bo3\/#website\",\"url\":\"https:\/\/www.zeit-frei.at\/bo3\/\",\"name\":\"BO3\",\"description\":\"Fachdidaktisches Spiel zur Berufsorientierung\",\"publisher\":{\"@id\":\"https:\/\/www.zeit-frei.at\/bo3\/#organization\"},\"potentialAction\":[{\"@type\":\"SearchAction\",\"target\":{\"@type\":\"EntryPoint\",\"urlTemplate\":\"https:\/\/www.zeit-frei.at\/bo3\/?s={search_term_string}\"},\"query-input\":\"required name=search_term_string\"}],\"inLanguage\":\"de\"},{\"@type\":\"WebPage\",\"@id\":\"https:\/\/www.zeit-frei.at\/bo3\/datenschutzerklaerung\/#webpage\",\"url\":\"https:\/\/www.zeit-frei.at\/bo3\/datenschutzerklaerung\/\",\"name\":\"Datenschutzerkl\u00e4rung &bull; BO3\",\"isPartOf\":{\"@id\":\"https:\/\/www.zeit-frei.at\/bo3\/#website\"},\"datePublished\":\"2019-08-07T17:56:09+00:00\",\"dateModified\":\"2022-11-08T07:13:22+00:00\",\"breadcrumb\":{\"@id\":\"https:\/\/www.zeit-frei.at\/bo3\/datenschutzerklaerung\/#breadcrumb\"},\"inLanguage\":\"de\",\"potentialAction\":[{\"@type\":\"ReadAction\",\"target\":[\"https:\/\/www.zeit-frei.at\/bo3\/datenschutzerklaerung\/\"]}]},{\"@type\":\"BreadcrumbList\",\"@id\":\"https:\/\/www.zeit-frei.at\/bo3\/datenschutzerklaerung\/#breadcrumb\",\"itemListElement\":[{\"@type\":\"ListItem\",\"position\":1,\"name\":\"Startseite\",\"item\":\"https:\/\/www.zeit-frei.at\/bo3\/\"},{\"@type\":\"ListItem\",\"position\":2,\"name\":\"Datenschutzerkl\u00e4rung\"}]}]}<\/script>\n<!-- \/ Yoast SEO plugin. -->","yoast_head_json":{"title":"Datenschutzerkl\u00e4rung &bull; BO3","robots":{"index":"index","follow":"follow","max-snippet":"max-snippet:-1","max-image-preview":"max-image-preview:large","max-video-preview":"max-video-preview:-1"},"canonical":"https:\/\/www.zeit-frei.at\/bo3\/datenschutzerklaerung\/","og_locale":"de_DE","og_type":"article","og_title":"Datenschutzerkl\u00e4rung &bull; BO3","og_description":"Erkl\u00e4rung zur Informationspflicht Datenschutzerkl\u00e4rung In folgender Datenschutzerkl\u00e4rung informieren wir Sie \u00fcber die wichtigsten Aspekte der Datenverarbeitung im Rahmen unserer Webseite. Wir erheben und verarbeiten personenbezogene Daten nur auf Grundlage der gesetzlichen Bestimmungen (Datenschutzgrundverordnung, Telekommunikationsgesetz 2003). Sobald Sie als Benutzer auf unsere Webseite zugreifen oder diese besuchen wird Ihre IP-Adresse, Beginn sowie Beginn und Ende der [&hellip;]","og_url":"https:\/\/www.zeit-frei.at\/bo3\/datenschutzerklaerung\/","og_site_name":"BO3","article_modified_time":"2022-11-08T07:13:22+00:00","twitter_card":"summary_large_image","twitter_misc":{"Gesch\u00e4tzte Lesezeit":"3\u00a0Minuten"},"schema":{"@context":"https:\/\/schema.org","@graph":[{"@type":"Organization","@id":"https:\/\/www.zeit-frei.at\/bo3\/#organization","name":"Das BO3","url":"https:\/\/www.zeit-frei.at\/bo3\/","sameAs":["https:\/\/www.instagram.com\/das.bo3\/"],"logo":{"@type":"ImageObject","@id":"https:\/\/www.zeit-frei.at\/bo3\/#logo","inLanguage":"de","url":"https:\/\/www.zeit-frei.at\/bo3\/wp-content\/uploads\/2020\/03\/background.jpg","contentUrl":"https:\/\/www.zeit-frei.at\/bo3\/wp-content\/uploads\/2020\/03\/background.jpg","width":2000,"height":1335,"caption":"Das BO3"},"image":{"@id":"https:\/\/www.zeit-frei.at\/bo3\/#logo"}},{"@type":"WebSite","@id":"https:\/\/www.zeit-frei.at\/bo3\/#website","url":"https:\/\/www.zeit-frei.at\/bo3\/","name":"BO3","description":"Fachdidaktisches Spiel zur Berufsorientierung","publisher":{"@id":"https:\/\/www.zeit-frei.at\/bo3\/#organization"},"potentialAction":[{"@type":"SearchAction","target":{"@type":"EntryPoint","urlTemplate":"https:\/\/www.zeit-frei.at\/bo3\/?s={search_term_string}"},"query-input":"required name=search_term_string"}],"inLanguage":"de"},{"@type":"WebPage","@id":"https:\/\/www.zeit-frei.at\/bo3\/datenschutzerklaerung\/#webpage","url":"https:\/\/www.zeit-frei.at\/bo3\/datenschutzerklaerung\/","name":"Datenschutzerkl\u00e4rung &bull; BO3","isPartOf":{"@id":"https:\/\/www.zeit-frei.at\/bo3\/#website"},"datePublished":"2019-08-07T17:56:09+00:00","dateModified":"2022-11-08T07:13:22+00:00","breadcrumb":{"@id":"https:\/\/www.zeit-frei.at\/bo3\/datenschutzerklaerung\/#breadcrumb"},"inLanguage":"de","potentialAction":[{"@type":"ReadAction","target":["https:\/\/www.zeit-frei.at\/bo3\/datenschutzerklaerung\/"]}]},{"@type":"BreadcrumbList","@id":"https:\/\/www.zeit-frei.at\/bo3\/datenschutzerklaerung\/#breadcrumb","itemListElement":[{"@type":"ListItem","position":1,"name":"Startseite","item":"https:\/\/www.zeit-frei.at\/bo3\/"},{"@type":"ListItem","position":2,"name":"Datenschutzerkl\u00e4rung"}]}]}},"_links":{"self":[{"href":"https:\/\/www.zeit-frei.at\/bo3\/wp-json\/wp\/v2\/pages\/3"}],"collection":[{"href":"https:\/\/www.zeit-frei.at\/bo3\/wp-json\/wp\/v2\/pages"}],"about":[{"href":"https:\/\/www.zeit-frei.at\/bo3\/wp-json\/wp\/v2\/types\/page"}],"author":[{"embeddable":true,"href":"https:\/\/www.zeit-frei.at\/bo3\/wp-json\/wp\/v2\/users\/1"}],"replies":[{"embeddable":true,"href":"https:\/\/www.zeit-frei.at\/bo3\/wp-json\/wp\/v2\/comments?post=3"}],"version-history":[{"count":3,"href":"https:\/\/www.zeit-frei.at\/bo3\/wp-json\/wp\/v2\/pages\/3\/revisions"}],"predecessor-version":[{"id":491,"href":"https:\/\/www.zeit-frei.at\/bo3\/wp-json\/wp\/v2\/pages\/3\/revisions\/491"}],"wp:attachment":[{"href":"https:\/\/www.zeit-frei.at\/bo3\/wp-json\/wp\/v2\/media?parent=3"}],"curies":[{"name":"wp","href":"https:\/\/api.w.org\/{rel}","templated":true}]}}