{"id":362,"date":"2020-03-08T15:53:42","date_gmt":"2020-03-08T14:53:42","guid":{"rendered":"https:\/\/www.zeit-frei.at\/bo3\/?page_id=362"},"modified":"2020-03-08T16:41:02","modified_gmt":"2020-03-08T15:41:02","slug":"impressum","status":"publish","type":"page","link":"https:\/\/www.zeit-frei.at\/bo3\/impressum\/","title":{"rendered":"Impressum"},"content":{"rendered":"\n<h2>F\u00fcr die Website verantwortlich:<\/h2>\n\n\n\n<div style=\"height:20px\" aria-hidden=\"true\" class=\"wp-block-spacer\"><\/div>\n\n\n\n<p>Tamara Steinwender<br>Kernstockgasse 12<br>8020 Graz<br>\u00d6sterreich<\/p>\n\n\n\n<div style=\"height:20px\" aria-hidden=\"true\" class=\"wp-block-spacer\"><\/div>\n\n\n\n<p>Tel. Nr.: +43 664 511 28 23<br>E-Mail: <a href=\"mailto:tamara@zeit-frei.at\">tamara@zeit-frei.at<\/a><\/p>\n\n\n\n<div style=\"height:20px\" aria-hidden=\"true\" class=\"wp-block-spacer\"><\/div>\n\n\n\n<p>Einzelunternehmen<br>Grafik &amp; Webentwicklung<br>UID ATU73404817<\/p>\n\n\n\n<div style=\"height:20px\" aria-hidden=\"true\" class=\"wp-block-spacer\"><\/div>\n\n\n\n<p>Im Auftrag von Victoria Fasching<\/p>\n\n\n\n<div style=\"height:100px\" aria-hidden=\"true\" class=\"wp-block-spacer\"><\/div>\n\n\n\n<h2>Bildnachweis:<\/h2>\n\n\n\n<div style=\"height:20px\" aria-hidden=\"true\" class=\"wp-block-spacer\"><\/div>\n\n\n\n<p>Alle Inhalte, insbesondere Texte, Fotografien und Grafiken sind urheberrechtlich gesch\u00fctzt. Alle Rechte, einschlie\u00dflich der Vervielf\u00e4ltigung, Ver\u00f6ffentlichung, Bearbeitung und \u00dcbersetzung, bleiben Mag.a Victoria Fasching vorbehalten. Au\u00dfgenommen sind folgende Bilder:<\/p>\n\n\n\n<div style=\"height:100px\" aria-hidden=\"true\" class=\"wp-block-spacer\"><\/div>\n\n\n\n<figure class=\"wp-block-image size-thumbnail is-style-default\"><img loading=\"lazy\" width=\"150\" height=\"150\" src=\"https:\/\/www.zeit-frei.at\/bo3\/wp-content\/uploads\/2020\/03\/kontakt_orange-150x150.jpg\" alt=\"Kontakt Bild Orange Stifte\" class=\"wp-image-360\"\/><figcaption>Photo by <a href=\"https:\/\/unsplash.com\/@plushdesignstudio?utm_source=unsplash&amp;utm_medium=referral&amp;utm_content=creditCopyText\">Plush Design Studio<\/a> on <a href=\"https:\/\/unsplash.com\/?utm_source=unsplash&amp;utm_medium=referral&amp;utm_content=creditCopyText\">Unsplash<\/a><\/figcaption><\/figure>\n\n\n\n<div style=\"height:20px\" aria-hidden=\"true\" class=\"wp-block-spacer\"><\/div>\n\n\n\n<figure class=\"wp-block-image size-thumbnail\"><img loading=\"lazy\" width=\"150\" height=\"150\" src=\"https:\/\/www.zeit-frei.at\/bo3\/wp-content\/uploads\/2020\/03\/background-150x150.jpg\" alt=\"BO3 Background\" class=\"wp-image-312\"\/><figcaption>Photo by <a href=\"https:\/\/unsplash.com\/@joannakosinska?utm_source=unsplash&amp;utm_medium=referral&amp;utm_content=creditCopyText\">Joanna Kosinska<\/a> on <a href=\"https:\/\/unsplash.com\/photos\/l3N9Q27zULw?utm_source=unsplash&amp;utm_medium=referral&amp;utm_content=creditCopyText\">Unsplash<\/a><\/figcaption><\/figure>\n","protected":false},"excerpt":{"rendered":"<p>F\u00fcr die Website verantwortlich: Tamara SteinwenderKernstockgasse 128020 Graz\u00d6sterreich Tel. Nr.: +43 664 511 28 23E-Mail: tamara@zeit-frei.at EinzelunternehmenGrafik &amp; WebentwicklungUID ATU73404817 Im Auftrag von Victoria Fasching Bildnachweis: Alle Inhalte, insbesondere Texte, Fotografien und Grafiken sind urheberrechtlich gesch\u00fctzt. Alle Rechte, einschlie\u00dflich der Vervielf\u00e4ltigung, Ver\u00f6ffentlichung, Bearbeitung und \u00dcbersetzung, bleiben Mag.a Victoria Fasching vorbehalten. Au\u00dfgenommen sind folgende Bilder:<\/p>\n","protected":false},"author":1,"featured_media":0,"parent":0,"menu_order":0,"comment_status":"closed","ping_status":"closed","template":"","meta":{"_monsterinsights_skip_tracking":false,"_monsterinsights_sitenote_active":false,"_monsterinsights_sitenote_note":"","_monsterinsights_sitenote_category":0},"yoast_head":"<!-- This site is optimized with the Yoast SEO plugin v18.2 - https:\/\/yoast.com\/wordpress\/plugins\/seo\/ -->\n<title>Impressum &bull; BO3<\/title>\n<meta name=\"robots\" content=\"index, follow, max-snippet:-1, max-image-preview:large, max-video-preview:-1\" \/>\n<link rel=\"canonical\" href=\"https:\/\/www.zeit-frei.at\/bo3\/impressum\/\" \/>\n<meta property=\"og:locale\" content=\"de_DE\" \/>\n<meta property=\"og:type\" content=\"article\" \/>\n<meta property=\"og:title\" content=\"Impressum &bull; BO3\" \/>\n<meta property=\"og:description\" content=\"F\u00fcr die Website verantwortlich: Tamara SteinwenderKernstockgasse 128020 Graz\u00d6sterreich Tel. Nr.: +43 664 511 28 23E-Mail: tamara@zeit-frei.at EinzelunternehmenGrafik &amp; WebentwicklungUID ATU73404817 Im Auftrag von Victoria Fasching Bildnachweis: Alle Inhalte, insbesondere Texte, Fotografien und Grafiken sind urheberrechtlich gesch\u00fctzt. Alle Rechte, einschlie\u00dflich der Vervielf\u00e4ltigung, Ver\u00f6ffentlichung, Bearbeitung und \u00dcbersetzung, bleiben Mag.a Victoria Fasching vorbehalten. Au\u00dfgenommen sind folgende Bilder:\" \/>\n<meta property=\"og:url\" content=\"https:\/\/www.zeit-frei.at\/bo3\/impressum\/\" \/>\n<meta property=\"og:site_name\" content=\"BO3\" \/>\n<meta property=\"article:modified_time\" content=\"2020-03-08T15:41:02+00:00\" \/>\n<meta property=\"og:image\" content=\"https:\/\/www.zeit-frei.at\/bo3\/wp-content\/uploads\/2020\/03\/kontakt_orange-150x150.jpg\" \/>\n<meta name=\"twitter:card\" content=\"summary_large_image\" \/>\n<script type=\"application\/ld+json\" class=\"yoast-schema-graph\">{\"@context\":\"https:\/\/schema.org\",\"@graph\":[{\"@type\":\"Organization\",\"@id\":\"https:\/\/www.zeit-frei.at\/bo3\/#organization\",\"name\":\"Das BO3\",\"url\":\"https:\/\/www.zeit-frei.at\/bo3\/\",\"sameAs\":[\"https:\/\/www.instagram.com\/das.bo3\/\"],\"logo\":{\"@type\":\"ImageObject\",\"@id\":\"https:\/\/www.zeit-frei.at\/bo3\/#logo\",\"inLanguage\":\"de\",\"url\":\"https:\/\/www.zeit-frei.at\/bo3\/wp-content\/uploads\/2020\/03\/background.jpg\",\"contentUrl\":\"https:\/\/www.zeit-frei.at\/bo3\/wp-content\/uploads\/2020\/03\/background.jpg\",\"width\":2000,\"height\":1335,\"caption\":\"Das BO3\"},\"image\":{\"@id\":\"https:\/\/www.zeit-frei.at\/bo3\/#logo\"}},{\"@type\":\"WebSite\",\"@id\":\"https:\/\/www.zeit-frei.at\/bo3\/#website\",\"url\":\"https:\/\/www.zeit-frei.at\/bo3\/\",\"name\":\"BO3\",\"description\":\"Fachdidaktisches Spiel zur Berufsorientierung\",\"publisher\":{\"@id\":\"https:\/\/www.zeit-frei.at\/bo3\/#organization\"},\"potentialAction\":[{\"@type\":\"SearchAction\",\"target\":{\"@type\":\"EntryPoint\",\"urlTemplate\":\"https:\/\/www.zeit-frei.at\/bo3\/?s={search_term_string}\"},\"query-input\":\"required name=search_term_string\"}],\"inLanguage\":\"de\"},{\"@type\":\"ImageObject\",\"@id\":\"https:\/\/www.zeit-frei.at\/bo3\/impressum\/#primaryimage\",\"inLanguage\":\"de\",\"url\":\"https:\/\/www.zeit-frei.at\/bo3\/wp-content\/uploads\/2020\/03\/kontakt_orange.jpg\",\"contentUrl\":\"https:\/\/www.zeit-frei.at\/bo3\/wp-content\/uploads\/2020\/03\/kontakt_orange.jpg\",\"width\":740,\"height\":1258,\"caption\":\"Photo by Plush Design Studio on Unsplash\"},{\"@type\":\"WebPage\",\"@id\":\"https:\/\/www.zeit-frei.at\/bo3\/impressum\/#webpage\",\"url\":\"https:\/\/www.zeit-frei.at\/bo3\/impressum\/\",\"name\":\"Impressum &bull; BO3\",\"isPartOf\":{\"@id\":\"https:\/\/www.zeit-frei.at\/bo3\/#website\"},\"primaryImageOfPage\":{\"@id\":\"https:\/\/www.zeit-frei.at\/bo3\/impressum\/#primaryimage\"},\"datePublished\":\"2020-03-08T14:53:42+00:00\",\"dateModified\":\"2020-03-08T15:41:02+00:00\",\"breadcrumb\":{\"@id\":\"https:\/\/www.zeit-frei.at\/bo3\/impressum\/#breadcrumb\"},\"inLanguage\":\"de\",\"potentialAction\":[{\"@type\":\"ReadAction\",\"target\":[\"https:\/\/www.zeit-frei.at\/bo3\/impressum\/\"]}]},{\"@type\":\"BreadcrumbList\",\"@id\":\"https:\/\/www.zeit-frei.at\/bo3\/impressum\/#breadcrumb\",\"itemListElement\":[{\"@type\":\"ListItem\",\"position\":1,\"name\":\"Startseite\",\"item\":\"https:\/\/www.zeit-frei.at\/bo3\/\"},{\"@type\":\"ListItem\",\"position\":2,\"name\":\"Impressum\"}]}]}<\/script>\n<!-- \/ Yoast SEO plugin. -->","yoast_head_json":{"title":"Impressum &bull; BO3","robots":{"index":"index","follow":"follow","max-snippet":"max-snippet:-1","max-image-preview":"max-image-preview:large","max-video-preview":"max-video-preview:-1"},"canonical":"https:\/\/www.zeit-frei.at\/bo3\/impressum\/","og_locale":"de_DE","og_type":"article","og_title":"Impressum &bull; BO3","og_description":"F\u00fcr die Website verantwortlich: Tamara SteinwenderKernstockgasse 128020 Graz\u00d6sterreich Tel. Nr.: +43 664 511 28 23E-Mail: tamara@zeit-frei.at EinzelunternehmenGrafik &amp; WebentwicklungUID ATU73404817 Im Auftrag von Victoria Fasching Bildnachweis: Alle Inhalte, insbesondere Texte, Fotografien und Grafiken sind urheberrechtlich gesch\u00fctzt. Alle Rechte, einschlie\u00dflich der Vervielf\u00e4ltigung, Ver\u00f6ffentlichung, Bearbeitung und \u00dcbersetzung, bleiben Mag.a Victoria Fasching vorbehalten. Au\u00dfgenommen sind folgende Bilder:","og_url":"https:\/\/www.zeit-frei.at\/bo3\/impressum\/","og_site_name":"BO3","article_modified_time":"2020-03-08T15:41:02+00:00","og_image":[{"url":"https:\/\/www.zeit-frei.at\/bo3\/wp-content\/uploads\/2020\/03\/kontakt_orange-150x150.jpg"}],"twitter_card":"summary_large_image","schema":{"@context":"https:\/\/schema.org","@graph":[{"@type":"Organization","@id":"https:\/\/www.zeit-frei.at\/bo3\/#organization","name":"Das BO3","url":"https:\/\/www.zeit-frei.at\/bo3\/","sameAs":["https:\/\/www.instagram.com\/das.bo3\/"],"logo":{"@type":"ImageObject","@id":"https:\/\/www.zeit-frei.at\/bo3\/#logo","inLanguage":"de","url":"https:\/\/www.zeit-frei.at\/bo3\/wp-content\/uploads\/2020\/03\/background.jpg","contentUrl":"https:\/\/www.zeit-frei.at\/bo3\/wp-content\/uploads\/2020\/03\/background.jpg","width":2000,"height":1335,"caption":"Das BO3"},"image":{"@id":"https:\/\/www.zeit-frei.at\/bo3\/#logo"}},{"@type":"WebSite","@id":"https:\/\/www.zeit-frei.at\/bo3\/#website","url":"https:\/\/www.zeit-frei.at\/bo3\/","name":"BO3","description":"Fachdidaktisches Spiel zur Berufsorientierung","publisher":{"@id":"https:\/\/www.zeit-frei.at\/bo3\/#organization"},"potentialAction":[{"@type":"SearchAction","target":{"@type":"EntryPoint","urlTemplate":"https:\/\/www.zeit-frei.at\/bo3\/?s={search_term_string}"},"query-input":"required name=search_term_string"}],"inLanguage":"de"},{"@type":"ImageObject","@id":"https:\/\/www.zeit-frei.at\/bo3\/impressum\/#primaryimage","inLanguage":"de","url":"https:\/\/www.zeit-frei.at\/bo3\/wp-content\/uploads\/2020\/03\/kontakt_orange.jpg","contentUrl":"https:\/\/www.zeit-frei.at\/bo3\/wp-content\/uploads\/2020\/03\/kontakt_orange.jpg","width":740,"height":1258,"caption":"Photo by Plush Design Studio on Unsplash"},{"@type":"WebPage","@id":"https:\/\/www.zeit-frei.at\/bo3\/impressum\/#webpage","url":"https:\/\/www.zeit-frei.at\/bo3\/impressum\/","name":"Impressum &bull; BO3","isPartOf":{"@id":"https:\/\/www.zeit-frei.at\/bo3\/#website"},"primaryImageOfPage":{"@id":"https:\/\/www.zeit-frei.at\/bo3\/impressum\/#primaryimage"},"datePublished":"2020-03-08T14:53:42+00:00","dateModified":"2020-03-08T15:41:02+00:00","breadcrumb":{"@id":"https:\/\/www.zeit-frei.at\/bo3\/impressum\/#breadcrumb"},"inLanguage":"de","potentialAction":[{"@type":"ReadAction","target":["https:\/\/www.zeit-frei.at\/bo3\/impressum\/"]}]},{"@type":"BreadcrumbList","@id":"https:\/\/www.zeit-frei.at\/bo3\/impressum\/#breadcrumb","itemListElement":[{"@type":"ListItem","position":1,"name":"Startseite","item":"https:\/\/www.zeit-frei.at\/bo3\/"},{"@type":"ListItem","position":2,"name":"Impressum"}]}]}},"_links":{"self":[{"href":"https:\/\/www.zeit-frei.at\/bo3\/wp-json\/wp\/v2\/pages\/362"}],"collection":[{"href":"https:\/\/www.zeit-frei.at\/bo3\/wp-json\/wp\/v2\/pages"}],"about":[{"href":"https:\/\/www.zeit-frei.at\/bo3\/wp-json\/wp\/v2\/types\/page"}],"author":[{"embeddable":true,"href":"https:\/\/www.zeit-frei.at\/bo3\/wp-json\/wp\/v2\/users\/1"}],"replies":[{"embeddable":true,"href":"https:\/\/www.zeit-frei.at\/bo3\/wp-json\/wp\/v2\/comments?post=362"}],"version-history":[{"count":8,"href":"https:\/\/www.zeit-frei.at\/bo3\/wp-json\/wp\/v2\/pages\/362\/revisions"}],"predecessor-version":[{"id":380,"href":"https:\/\/www.zeit-frei.at\/bo3\/wp-json\/wp\/v2\/pages\/362\/revisions\/380"}],"wp:attachment":[{"href":"https:\/\/www.zeit-frei.at\/bo3\/wp-json\/wp\/v2\/media?parent=362"}],"curies":[{"name":"wp","href":"https:\/\/api.w.org\/{rel}","templated":true}]}}