{"id":445,"date":"2020-03-10T12:38:34","date_gmt":"2020-03-10T11:38:34","guid":{"rendered":"https:\/\/www.zeit-frei.at\/bo3\/?page_id=445"},"modified":"2020-03-10T13:00:22","modified_gmt":"2020-03-10T12:00:22","slug":"berufskaertchen","status":"publish","type":"page","link":"https:\/\/www.zeit-frei.at\/bo3\/berufskaertchen\/","title":{"rendered":"Berufsk\u00e4rtchen"},"content":{"rendered":"\n<p> Es sind <strong>12 Berufsk\u00e4rtchen<\/strong>, je ein m\u00e4nnliches als auch ein weibliches Bild, dazu dann 12 Berufsbezeichnungen (ausgeschriebenes Wort) und zus\u00e4tzlich sind 12 leere Karten dabei um auf die Individualit\u00e4t jeder Klasse Bezug nehmen zu k\u00f6nnen.<\/p>\n\n\n\n<div style=\"height:20px\" aria-hidden=\"true\" class=\"wp-block-spacer\"><\/div>\n\n\n\n<figure class=\"wp-block-image size-large\"><img loading=\"lazy\" width=\"700\" height=\"454\" src=\"https:\/\/www.zeit-frei.at\/bo3\/wp-content\/uploads\/2020\/03\/Bildschirmfoto-2020-03-10-um-12.35.03-700x454.png\" alt=\"Pilot\/in\" class=\"wp-image-446\" srcset=\"https:\/\/www.zeit-frei.at\/bo3\/wp-content\/uploads\/2020\/03\/Bildschirmfoto-2020-03-10-um-12.35.03-700x454.png 700w, https:\/\/www.zeit-frei.at\/bo3\/wp-content\/uploads\/2020\/03\/Bildschirmfoto-2020-03-10-um-12.35.03-300x195.png 300w, https:\/\/www.zeit-frei.at\/bo3\/wp-content\/uploads\/2020\/03\/Bildschirmfoto-2020-03-10-um-12.35.03-768x498.png 768w, https:\/\/www.zeit-frei.at\/bo3\/wp-content\/uploads\/2020\/03\/Bildschirmfoto-2020-03-10-um-12.35.03.png 1360w\" sizes=\"(max-width: 700px) 100vw, 700px\" \/><\/figure>\n\n\n\n<div style=\"height:100px\" aria-hidden=\"true\" class=\"wp-block-spacer\"><\/div>\n\n\n\n<h2>Welche Berufe habe ich ausgew\u00e4hlt?<\/h2>\n\n\n\n<div style=\"height:20px\" aria-hidden=\"true\" class=\"wp-block-spacer\"><\/div>\n\n\n\n<figure class=\"wp-block-image size-large\"><img loading=\"lazy\" width=\"700\" height=\"246\" src=\"https:\/\/www.zeit-frei.at\/bo3\/wp-content\/uploads\/2020\/03\/Bildschirmfoto-2020-03-10-um-12.35.45-700x246.png\" alt=\"Berufe\" class=\"wp-image-447\" srcset=\"https:\/\/www.zeit-frei.at\/bo3\/wp-content\/uploads\/2020\/03\/Bildschirmfoto-2020-03-10-um-12.35.45-700x246.png 700w, https:\/\/www.zeit-frei.at\/bo3\/wp-content\/uploads\/2020\/03\/Bildschirmfoto-2020-03-10-um-12.35.45-300x106.png 300w, https:\/\/www.zeit-frei.at\/bo3\/wp-content\/uploads\/2020\/03\/Bildschirmfoto-2020-03-10-um-12.35.45-768x270.png 768w, https:\/\/www.zeit-frei.at\/bo3\/wp-content\/uploads\/2020\/03\/Bildschirmfoto-2020-03-10-um-12.35.45.png 1524w\" sizes=\"(max-width: 700px) 100vw, 700px\" \/><\/figure>\n\n\n\n<div style=\"height:50px\" aria-hidden=\"true\" class=\"wp-block-spacer\"><\/div>\n\n\n\n<h3>Warum habe ich diese 12 Berufe ausgew\u00e4hlt?<\/h3>\n\n\n\n<p>Ich habe dazu im Statistik Austria alle Datens\u00e4tze aller Beruf in \u00d6sterreich von 2015 verglichen und drei Gruppen erstellt: <\/p>\n\n\n\n<div style=\"height:20px\" aria-hidden=\"true\" class=\"wp-block-spacer\"><\/div>\n\n\n\n<ul><li>\u201e<strong>Frauenberufe\u201c<\/strong>, wobei der Anteil der Frauen dabei zwischen 67 &#8211; 100% liegen muss.<\/li><li><strong>\u201eMischberufe\u201c<\/strong>, hier ist sowohl der M\u00e4nner- als auch der Frauenanteil ausgewogen, jeweils zwischen 34 &#8211; 66%.<\/li><li>\u201e<strong>M\u00e4nnerberufe<\/strong>\u201c, hierbei muss der Anteil der M\u00e4nner zwischen 67 &#8211; 100% liegen. <\/li><\/ul>\n\n\n\n<div style=\"height:20px\" aria-hidden=\"true\" class=\"wp-block-spacer\"><\/div>\n\n\n\n<p class=\"has-text-align-center\">Wenn Du Mehr Dar\u00fcber Wissen Willst Klicke Hier:<br> <\/p>\n\n\n\n<div class=\"wp-block-image hover\"><figure class=\"aligncenter size-thumbnail\"><a href=\"https:\/\/www.zeit-frei.at\/bo3\/wp-content\/uploads\/2020\/03\/Gendersensible-Berufsorientierung-an-der-Nahtstelle-Primarstufe-und-Sekundarstufe-schu%CC%88lerinnenorientiert-betrachtet.pdf#page=73\" target=\"_blank\" rel=\"noreferrer noopener\"><img loading=\"lazy\" width=\"150\" height=\"150\" src=\"https:\/\/www.zeit-frei.at\/bo3\/wp-content\/uploads\/2020\/03\/neugierig-150x150.png\" alt=\"neugierig\" class=\"wp-image-419\" srcset=\"https:\/\/www.zeit-frei.at\/bo3\/wp-content\/uploads\/2020\/03\/neugierig-150x150.png 150w, https:\/\/www.zeit-frei.at\/bo3\/wp-content\/uploads\/2020\/03\/neugierig.png 295w\" sizes=\"(max-width: 150px) 100vw, 150px\" \/><\/a><\/figure><\/div>\n","protected":false},"excerpt":{"rendered":"<p>Es sind 12 Berufsk\u00e4rtchen, je ein m\u00e4nnliches als auch ein weibliches Bild, dazu dann 12 Berufsbezeichnungen (ausgeschriebenes Wort) und zus\u00e4tzlich sind 12 leere Karten dabei um auf die Individualit\u00e4t jeder Klasse Bezug nehmen zu k\u00f6nnen. Welche Berufe habe ich ausgew\u00e4hlt? Warum habe ich diese 12 Berufe ausgew\u00e4hlt? Ich habe dazu im Statistik Austria alle Datens\u00e4tze [&hellip;]<\/p>\n","protected":false},"author":1,"featured_media":0,"parent":0,"menu_order":0,"comment_status":"closed","ping_status":"closed","template":"","meta":{"_monsterinsights_skip_tracking":false,"_monsterinsights_sitenote_active":false,"_monsterinsights_sitenote_note":"","_monsterinsights_sitenote_category":0},"yoast_head":"<!-- This site is optimized with the Yoast SEO plugin v18.2 - https:\/\/yoast.com\/wordpress\/plugins\/seo\/ -->\n<title>Berufsk\u00e4rtchen &bull; BO3<\/title>\n<meta name=\"robots\" content=\"index, follow, max-snippet:-1, max-image-preview:large, max-video-preview:-1\" \/>\n<link rel=\"canonical\" href=\"https:\/\/www.zeit-frei.at\/bo3\/berufskaertchen\/\" \/>\n<meta property=\"og:locale\" content=\"de_DE\" \/>\n<meta property=\"og:type\" content=\"article\" \/>\n<meta property=\"og:title\" content=\"Berufsk\u00e4rtchen &bull; BO3\" \/>\n<meta property=\"og:description\" content=\"Es sind 12 Berufsk\u00e4rtchen, je ein m\u00e4nnliches als auch ein weibliches Bild, dazu dann 12 Berufsbezeichnungen (ausgeschriebenes Wort) und zus\u00e4tzlich sind 12 leere Karten dabei um auf die Individualit\u00e4t jeder Klasse Bezug nehmen zu k\u00f6nnen. Welche Berufe habe ich ausgew\u00e4hlt? Warum habe ich diese 12 Berufe ausgew\u00e4hlt? Ich habe dazu im Statistik Austria alle Datens\u00e4tze [&hellip;]\" \/>\n<meta property=\"og:url\" content=\"https:\/\/www.zeit-frei.at\/bo3\/berufskaertchen\/\" \/>\n<meta property=\"og:site_name\" content=\"BO3\" \/>\n<meta property=\"article:modified_time\" content=\"2020-03-10T12:00:22+00:00\" \/>\n<meta property=\"og:image\" content=\"https:\/\/www.zeit-frei.at\/bo3\/wp-content\/uploads\/2020\/03\/Bildschirmfoto-2020-03-10-um-12.35.03-700x454.png\" \/>\n<meta name=\"twitter:card\" content=\"summary_large_image\" \/>\n<meta name=\"twitter:label1\" content=\"Gesch\u00e4tzte Lesezeit\" \/>\n\t<meta name=\"twitter:data1\" content=\"1\u00a0Minute\" \/>\n<script type=\"application\/ld+json\" class=\"yoast-schema-graph\">{\"@context\":\"https:\/\/schema.org\",\"@graph\":[{\"@type\":\"Organization\",\"@id\":\"https:\/\/www.zeit-frei.at\/bo3\/#organization\",\"name\":\"Das BO3\",\"url\":\"https:\/\/www.zeit-frei.at\/bo3\/\",\"sameAs\":[\"https:\/\/www.instagram.com\/das.bo3\/\"],\"logo\":{\"@type\":\"ImageObject\",\"@id\":\"https:\/\/www.zeit-frei.at\/bo3\/#logo\",\"inLanguage\":\"de\",\"url\":\"https:\/\/www.zeit-frei.at\/bo3\/wp-content\/uploads\/2020\/03\/background.jpg\",\"contentUrl\":\"https:\/\/www.zeit-frei.at\/bo3\/wp-content\/uploads\/2020\/03\/background.jpg\",\"width\":2000,\"height\":1335,\"caption\":\"Das BO3\"},\"image\":{\"@id\":\"https:\/\/www.zeit-frei.at\/bo3\/#logo\"}},{\"@type\":\"WebSite\",\"@id\":\"https:\/\/www.zeit-frei.at\/bo3\/#website\",\"url\":\"https:\/\/www.zeit-frei.at\/bo3\/\",\"name\":\"BO3\",\"description\":\"Fachdidaktisches Spiel zur Berufsorientierung\",\"publisher\":{\"@id\":\"https:\/\/www.zeit-frei.at\/bo3\/#organization\"},\"potentialAction\":[{\"@type\":\"SearchAction\",\"target\":{\"@type\":\"EntryPoint\",\"urlTemplate\":\"https:\/\/www.zeit-frei.at\/bo3\/?s={search_term_string}\"},\"query-input\":\"required name=search_term_string\"}],\"inLanguage\":\"de\"},{\"@type\":\"ImageObject\",\"@id\":\"https:\/\/www.zeit-frei.at\/bo3\/berufskaertchen\/#primaryimage\",\"inLanguage\":\"de\",\"url\":\"https:\/\/www.zeit-frei.at\/bo3\/wp-content\/uploads\/2020\/03\/Bildschirmfoto-2020-03-10-um-12.35.03.png\",\"contentUrl\":\"https:\/\/www.zeit-frei.at\/bo3\/wp-content\/uploads\/2020\/03\/Bildschirmfoto-2020-03-10-um-12.35.03.png\",\"width\":1360,\"height\":882},{\"@type\":\"WebPage\",\"@id\":\"https:\/\/www.zeit-frei.at\/bo3\/berufskaertchen\/#webpage\",\"url\":\"https:\/\/www.zeit-frei.at\/bo3\/berufskaertchen\/\",\"name\":\"Berufsk\u00e4rtchen &bull; BO3\",\"isPartOf\":{\"@id\":\"https:\/\/www.zeit-frei.at\/bo3\/#website\"},\"primaryImageOfPage\":{\"@id\":\"https:\/\/www.zeit-frei.at\/bo3\/berufskaertchen\/#primaryimage\"},\"datePublished\":\"2020-03-10T11:38:34+00:00\",\"dateModified\":\"2020-03-10T12:00:22+00:00\",\"breadcrumb\":{\"@id\":\"https:\/\/www.zeit-frei.at\/bo3\/berufskaertchen\/#breadcrumb\"},\"inLanguage\":\"de\",\"potentialAction\":[{\"@type\":\"ReadAction\",\"target\":[\"https:\/\/www.zeit-frei.at\/bo3\/berufskaertchen\/\"]}]},{\"@type\":\"BreadcrumbList\",\"@id\":\"https:\/\/www.zeit-frei.at\/bo3\/berufskaertchen\/#breadcrumb\",\"itemListElement\":[{\"@type\":\"ListItem\",\"position\":1,\"name\":\"Startseite\",\"item\":\"https:\/\/www.zeit-frei.at\/bo3\/\"},{\"@type\":\"ListItem\",\"position\":2,\"name\":\"Berufsk\u00e4rtchen\"}]}]}<\/script>\n<!-- \/ Yoast SEO plugin. -->","yoast_head_json":{"title":"Berufsk\u00e4rtchen &bull; BO3","robots":{"index":"index","follow":"follow","max-snippet":"max-snippet:-1","max-image-preview":"max-image-preview:large","max-video-preview":"max-video-preview:-1"},"canonical":"https:\/\/www.zeit-frei.at\/bo3\/berufskaertchen\/","og_locale":"de_DE","og_type":"article","og_title":"Berufsk\u00e4rtchen &bull; BO3","og_description":"Es sind 12 Berufsk\u00e4rtchen, je ein m\u00e4nnliches als auch ein weibliches Bild, dazu dann 12 Berufsbezeichnungen (ausgeschriebenes Wort) und zus\u00e4tzlich sind 12 leere Karten dabei um auf die Individualit\u00e4t jeder Klasse Bezug nehmen zu k\u00f6nnen. Welche Berufe habe ich ausgew\u00e4hlt? Warum habe ich diese 12 Berufe ausgew\u00e4hlt? Ich habe dazu im Statistik Austria alle Datens\u00e4tze [&hellip;]","og_url":"https:\/\/www.zeit-frei.at\/bo3\/berufskaertchen\/","og_site_name":"BO3","article_modified_time":"2020-03-10T12:00:22+00:00","og_image":[{"url":"https:\/\/www.zeit-frei.at\/bo3\/wp-content\/uploads\/2020\/03\/Bildschirmfoto-2020-03-10-um-12.35.03-700x454.png"}],"twitter_card":"summary_large_image","twitter_misc":{"Gesch\u00e4tzte Lesezeit":"1\u00a0Minute"},"schema":{"@context":"https:\/\/schema.org","@graph":[{"@type":"Organization","@id":"https:\/\/www.zeit-frei.at\/bo3\/#organization","name":"Das BO3","url":"https:\/\/www.zeit-frei.at\/bo3\/","sameAs":["https:\/\/www.instagram.com\/das.bo3\/"],"logo":{"@type":"ImageObject","@id":"https:\/\/www.zeit-frei.at\/bo3\/#logo","inLanguage":"de","url":"https:\/\/www.zeit-frei.at\/bo3\/wp-content\/uploads\/2020\/03\/background.jpg","contentUrl":"https:\/\/www.zeit-frei.at\/bo3\/wp-content\/uploads\/2020\/03\/background.jpg","width":2000,"height":1335,"caption":"Das BO3"},"image":{"@id":"https:\/\/www.zeit-frei.at\/bo3\/#logo"}},{"@type":"WebSite","@id":"https:\/\/www.zeit-frei.at\/bo3\/#website","url":"https:\/\/www.zeit-frei.at\/bo3\/","name":"BO3","description":"Fachdidaktisches Spiel zur Berufsorientierung","publisher":{"@id":"https:\/\/www.zeit-frei.at\/bo3\/#organization"},"potentialAction":[{"@type":"SearchAction","target":{"@type":"EntryPoint","urlTemplate":"https:\/\/www.zeit-frei.at\/bo3\/?s={search_term_string}"},"query-input":"required name=search_term_string"}],"inLanguage":"de"},{"@type":"ImageObject","@id":"https:\/\/www.zeit-frei.at\/bo3\/berufskaertchen\/#primaryimage","inLanguage":"de","url":"https:\/\/www.zeit-frei.at\/bo3\/wp-content\/uploads\/2020\/03\/Bildschirmfoto-2020-03-10-um-12.35.03.png","contentUrl":"https:\/\/www.zeit-frei.at\/bo3\/wp-content\/uploads\/2020\/03\/Bildschirmfoto-2020-03-10-um-12.35.03.png","width":1360,"height":882},{"@type":"WebPage","@id":"https:\/\/www.zeit-frei.at\/bo3\/berufskaertchen\/#webpage","url":"https:\/\/www.zeit-frei.at\/bo3\/berufskaertchen\/","name":"Berufsk\u00e4rtchen &bull; BO3","isPartOf":{"@id":"https:\/\/www.zeit-frei.at\/bo3\/#website"},"primaryImageOfPage":{"@id":"https:\/\/www.zeit-frei.at\/bo3\/berufskaertchen\/#primaryimage"},"datePublished":"2020-03-10T11:38:34+00:00","dateModified":"2020-03-10T12:00:22+00:00","breadcrumb":{"@id":"https:\/\/www.zeit-frei.at\/bo3\/berufskaertchen\/#breadcrumb"},"inLanguage":"de","potentialAction":[{"@type":"ReadAction","target":["https:\/\/www.zeit-frei.at\/bo3\/berufskaertchen\/"]}]},{"@type":"BreadcrumbList","@id":"https:\/\/www.zeit-frei.at\/bo3\/berufskaertchen\/#breadcrumb","itemListElement":[{"@type":"ListItem","position":1,"name":"Startseite","item":"https:\/\/www.zeit-frei.at\/bo3\/"},{"@type":"ListItem","position":2,"name":"Berufsk\u00e4rtchen"}]}]}},"_links":{"self":[{"href":"https:\/\/www.zeit-frei.at\/bo3\/wp-json\/wp\/v2\/pages\/445"}],"collection":[{"href":"https:\/\/www.zeit-frei.at\/bo3\/wp-json\/wp\/v2\/pages"}],"about":[{"href":"https:\/\/www.zeit-frei.at\/bo3\/wp-json\/wp\/v2\/types\/page"}],"author":[{"embeddable":true,"href":"https:\/\/www.zeit-frei.at\/bo3\/wp-json\/wp\/v2\/users\/1"}],"replies":[{"embeddable":true,"href":"https:\/\/www.zeit-frei.at\/bo3\/wp-json\/wp\/v2\/comments?post=445"}],"version-history":[{"count":8,"href":"https:\/\/www.zeit-frei.at\/bo3\/wp-json\/wp\/v2\/pages\/445\/revisions"}],"predecessor-version":[{"id":480,"href":"https:\/\/www.zeit-frei.at\/bo3\/wp-json\/wp\/v2\/pages\/445\/revisions\/480"}],"wp:attachment":[{"href":"https:\/\/www.zeit-frei.at\/bo3\/wp-json\/wp\/v2\/media?parent=445"}],"curies":[{"name":"wp","href":"https:\/\/api.w.org\/{rel}","templated":true}]}}