{"id":459,"date":"2020-03-10T12:52:22","date_gmt":"2020-03-10T11:52:22","guid":{"rendered":"https:\/\/www.zeit-frei.at\/bo3\/?page_id=459"},"modified":"2020-03-10T13:00:05","modified_gmt":"2020-03-10T12:00:05","slug":"staerkenkaertchen","status":"publish","type":"page","link":"https:\/\/www.zeit-frei.at\/bo3\/staerkenkaertchen\/","title":{"rendered":"St\u00e4rkenk\u00e4rtchen"},"content":{"rendered":"\n<p> Es gibt insgesamt <strong>16 St\u00e4rkenk\u00e4rtchen<\/strong>, je ein Bild, das ausgeschrieben Wort und eine dazu passende Erkl\u00e4rung. Auch hier habe ich 12 leere Karten dazu produzieren lassen um die Klasse kreativ werden zu lassen.<\/p>\n\n\n\n<div style=\"height:20px\" aria-hidden=\"true\" class=\"wp-block-spacer\"><\/div>\n\n\n\n<figure class=\"wp-block-image size-large\"><img loading=\"lazy\" width=\"700\" height=\"262\" src=\"https:\/\/www.zeit-frei.at\/bo3\/wp-content\/uploads\/2020\/03\/Bildschirmfoto-2020-03-10-um-12.45.24-700x262.png\" alt=\"St\u00e4rkekarten\" class=\"wp-image-460\" srcset=\"https:\/\/www.zeit-frei.at\/bo3\/wp-content\/uploads\/2020\/03\/Bildschirmfoto-2020-03-10-um-12.45.24-700x262.png 700w, https:\/\/www.zeit-frei.at\/bo3\/wp-content\/uploads\/2020\/03\/Bildschirmfoto-2020-03-10-um-12.45.24-300x112.png 300w, https:\/\/www.zeit-frei.at\/bo3\/wp-content\/uploads\/2020\/03\/Bildschirmfoto-2020-03-10-um-12.45.24-768x287.png 768w, https:\/\/www.zeit-frei.at\/bo3\/wp-content\/uploads\/2020\/03\/Bildschirmfoto-2020-03-10-um-12.45.24.png 1454w\" sizes=\"(max-width: 700px) 100vw, 700px\" \/><\/figure>\n\n\n\n<div style=\"height:20px\" aria-hidden=\"true\" class=\"wp-block-spacer\"><\/div>\n\n\n\n<p>Auch hier habe ich drei Gruppen gebildet. Diese Unterscheidung habe ich nach den \u201eSt\u00e4rkenkarten\u201c Der AK-Steiermark ausgearbeitet, welche bei den Bewerbungstrainings im Einsatz waren:<\/p>\n\n\n\n<div style=\"height:20px\" aria-hidden=\"true\" class=\"wp-block-spacer\"><\/div>\n\n\n\n<div class=\"wp-block-columns\">\n<div class=\"wp-block-column\">\n<figure class=\"wp-block-image size-large\"><img loading=\"lazy\" width=\"700\" height=\"421\" src=\"https:\/\/www.zeit-frei.at\/bo3\/wp-content\/uploads\/2020\/03\/Bildschirmfoto-2020-03-10-um-12.49.41-700x421.png\" alt=\"Naturwissenschaft\" class=\"wp-image-463\" srcset=\"https:\/\/www.zeit-frei.at\/bo3\/wp-content\/uploads\/2020\/03\/Bildschirmfoto-2020-03-10-um-12.49.41-700x421.png 700w, https:\/\/www.zeit-frei.at\/bo3\/wp-content\/uploads\/2020\/03\/Bildschirmfoto-2020-03-10-um-12.49.41-300x181.png 300w, https:\/\/www.zeit-frei.at\/bo3\/wp-content\/uploads\/2020\/03\/Bildschirmfoto-2020-03-10-um-12.49.41-768x462.png 768w, https:\/\/www.zeit-frei.at\/bo3\/wp-content\/uploads\/2020\/03\/Bildschirmfoto-2020-03-10-um-12.49.41.png 950w\" sizes=\"(max-width: 700px) 100vw, 700px\" \/><\/figure>\n<\/div>\n\n\n\n<div class=\"wp-block-column\">\n<p><strong>Fachliche St\u00e4rken:<\/strong><\/p>\n\n\n\n<ul><li>Mehrsprachigkeit <\/li><li>Mathematik<\/li><li>Naturwissenschaften und Technik<\/li><li>Musik<\/li><li>Handwerkliches Geschick<\/li><li>Sport und Bewegung<\/li><\/ul>\n<\/div>\n<\/div>\n\n\n\n<div style=\"height:20px\" aria-hidden=\"true\" class=\"wp-block-spacer\"><\/div>\n\n\n\n<div class=\"wp-block-columns\">\n<div class=\"wp-block-column\">\n<figure class=\"wp-block-image size-large\"><img loading=\"lazy\" width=\"700\" height=\"494\" src=\"https:\/\/www.zeit-frei.at\/bo3\/wp-content\/uploads\/2020\/03\/Bildschirmfoto-2020-03-10-um-12.46.11-700x494.png\" alt=\"Neugier\" class=\"wp-image-461\" srcset=\"https:\/\/www.zeit-frei.at\/bo3\/wp-content\/uploads\/2020\/03\/Bildschirmfoto-2020-03-10-um-12.46.11-700x494.png 700w, https:\/\/www.zeit-frei.at\/bo3\/wp-content\/uploads\/2020\/03\/Bildschirmfoto-2020-03-10-um-12.46.11-300x212.png 300w, https:\/\/www.zeit-frei.at\/bo3\/wp-content\/uploads\/2020\/03\/Bildschirmfoto-2020-03-10-um-12.46.11-768x542.png 768w, https:\/\/www.zeit-frei.at\/bo3\/wp-content\/uploads\/2020\/03\/Bildschirmfoto-2020-03-10-um-12.46.11.png 896w\" sizes=\"(max-width: 700px) 100vw, 700px\" \/><\/figure>\n<\/div>\n\n\n\n<div class=\"wp-block-column\">\n<p><strong>Personale St\u00e4rken:<\/strong><\/p>\n\n\n\n<ul><li>Kreativit\u00e4t<\/li><li>Zuverl\u00e4ssigkeit und Genauigkeit<\/li><li>Lern-\/ Leistungsbereitschaft<\/li><li>Neugier<\/li><li>Selbst\u00e4ndigkeit und L\u00f6sungsorientiert <\/li><li> Durchhalteverm\u00f6gen <\/li><\/ul>\n\n\n\n<p><\/p>\n<\/div>\n<\/div>\n\n\n\n<div style=\"height:20px\" aria-hidden=\"true\" class=\"wp-block-spacer\"><\/div>\n\n\n\n<div class=\"wp-block-columns\">\n<div class=\"wp-block-column\">\n<figure class=\"wp-block-image size-large\"><img loading=\"lazy\" width=\"700\" height=\"704\" src=\"https:\/\/www.zeit-frei.at\/bo3\/wp-content\/uploads\/2020\/03\/Bildschirmfoto-2020-03-10-um-12.47.13-700x704.png\" alt=\"Hilfsbereitschaft\" class=\"wp-image-462\" srcset=\"https:\/\/www.zeit-frei.at\/bo3\/wp-content\/uploads\/2020\/03\/Bildschirmfoto-2020-03-10-um-12.47.13-700x704.png 700w, https:\/\/www.zeit-frei.at\/bo3\/wp-content\/uploads\/2020\/03\/Bildschirmfoto-2020-03-10-um-12.47.13-298x300.png 298w, https:\/\/www.zeit-frei.at\/bo3\/wp-content\/uploads\/2020\/03\/Bildschirmfoto-2020-03-10-um-12.47.13-150x150.png 150w, https:\/\/www.zeit-frei.at\/bo3\/wp-content\/uploads\/2020\/03\/Bildschirmfoto-2020-03-10-um-12.47.13-768x772.png 768w, https:\/\/www.zeit-frei.at\/bo3\/wp-content\/uploads\/2020\/03\/Bildschirmfoto-2020-03-10-um-12.47.13.png 794w\" sizes=\"(max-width: 700px) 100vw, 700px\" \/><\/figure>\n<\/div>\n\n\n\n<div class=\"wp-block-column\">\n<p><strong>Soziale St\u00e4rke:<\/strong><\/p>\n\n\n\n<ul><li>Einf\u00fchlungsverm\u00f6gen<\/li><li>Hilfsbereitschaft<\/li><li>Kommunikationsf\u00e4hig<\/li><li>Teamf\u00e4higkeit <\/li><\/ul>\n<\/div>\n<\/div>\n\n\n\n<p class=\"has-text-align-center\"> Wenn Du Mehr Dar\u00fcber Wissen Willst Klicke Hier: <\/p>\n\n\n\n<div style=\"height:20px\" aria-hidden=\"true\" class=\"wp-block-spacer\"><\/div>\n\n\n\n<div class=\"wp-block-image hover\"><figure class=\"aligncenter size-thumbnail\"><a href=\"https:\/\/www.zeit-frei.at\/bo3\/wp-content\/uploads\/2020\/03\/Gendersensible-Berufsorientierung-an-der-Nahtstelle-Primarstufe-und-Sekundarstufe-schu%CC%88lerinnenorientiert-betrachtet.pdf#page=82\" target=\"_blank\" rel=\"noreferrer noopener\"><img loading=\"lazy\" width=\"150\" height=\"150\" src=\"https:\/\/www.zeit-frei.at\/bo3\/wp-content\/uploads\/2020\/03\/neugierig-150x150.png\" alt=\"neugierig\" class=\"wp-image-419\" srcset=\"https:\/\/www.zeit-frei.at\/bo3\/wp-content\/uploads\/2020\/03\/neugierig-150x150.png 150w, https:\/\/www.zeit-frei.at\/bo3\/wp-content\/uploads\/2020\/03\/neugierig.png 295w\" sizes=\"(max-width: 150px) 100vw, 150px\" \/><\/a><\/figure><\/div>\n","protected":false},"excerpt":{"rendered":"<p>Es gibt insgesamt 16 St\u00e4rkenk\u00e4rtchen, je ein Bild, das ausgeschrieben Wort und eine dazu passende Erkl\u00e4rung. Auch hier habe ich 12 leere Karten dazu produzieren lassen um die Klasse kreativ werden zu lassen. Auch hier habe ich drei Gruppen gebildet. Diese Unterscheidung habe ich nach den \u201eSt\u00e4rkenkarten\u201c Der AK-Steiermark ausgearbeitet, welche bei den Bewerbungstrainings im [&hellip;]<\/p>\n","protected":false},"author":1,"featured_media":0,"parent":0,"menu_order":0,"comment_status":"closed","ping_status":"closed","template":"","meta":{"_monsterinsights_skip_tracking":false,"_monsterinsights_sitenote_active":false,"_monsterinsights_sitenote_note":"","_monsterinsights_sitenote_category":0},"yoast_head":"<!-- This site is optimized with the Yoast SEO plugin v18.2 - https:\/\/yoast.com\/wordpress\/plugins\/seo\/ -->\n<title>St\u00e4rkenk\u00e4rtchen &bull; BO3<\/title>\n<meta name=\"robots\" content=\"index, follow, max-snippet:-1, max-image-preview:large, max-video-preview:-1\" \/>\n<link rel=\"canonical\" href=\"https:\/\/www.zeit-frei.at\/bo3\/staerkenkaertchen\/\" \/>\n<meta property=\"og:locale\" content=\"de_DE\" \/>\n<meta property=\"og:type\" content=\"article\" \/>\n<meta property=\"og:title\" content=\"St\u00e4rkenk\u00e4rtchen &bull; BO3\" \/>\n<meta property=\"og:description\" content=\"Es gibt insgesamt 16 St\u00e4rkenk\u00e4rtchen, je ein Bild, das ausgeschrieben Wort und eine dazu passende Erkl\u00e4rung. Auch hier habe ich 12 leere Karten dazu produzieren lassen um die Klasse kreativ werden zu lassen. Auch hier habe ich drei Gruppen gebildet. Diese Unterscheidung habe ich nach den \u201eSt\u00e4rkenkarten\u201c Der AK-Steiermark ausgearbeitet, welche bei den Bewerbungstrainings im [&hellip;]\" \/>\n<meta property=\"og:url\" content=\"https:\/\/www.zeit-frei.at\/bo3\/staerkenkaertchen\/\" \/>\n<meta property=\"og:site_name\" content=\"BO3\" \/>\n<meta property=\"article:modified_time\" content=\"2020-03-10T12:00:05+00:00\" \/>\n<meta property=\"og:image\" content=\"https:\/\/www.zeit-frei.at\/bo3\/wp-content\/uploads\/2020\/03\/Bildschirmfoto-2020-03-10-um-12.45.24-700x262.png\" \/>\n<meta name=\"twitter:card\" content=\"summary_large_image\" \/>\n<meta name=\"twitter:label1\" content=\"Gesch\u00e4tzte Lesezeit\" \/>\n\t<meta name=\"twitter:data1\" content=\"1\u00a0Minute\" \/>\n<script type=\"application\/ld+json\" class=\"yoast-schema-graph\">{\"@context\":\"https:\/\/schema.org\",\"@graph\":[{\"@type\":\"Organization\",\"@id\":\"https:\/\/www.zeit-frei.at\/bo3\/#organization\",\"name\":\"Das BO3\",\"url\":\"https:\/\/www.zeit-frei.at\/bo3\/\",\"sameAs\":[\"https:\/\/www.instagram.com\/das.bo3\/\"],\"logo\":{\"@type\":\"ImageObject\",\"@id\":\"https:\/\/www.zeit-frei.at\/bo3\/#logo\",\"inLanguage\":\"de\",\"url\":\"https:\/\/www.zeit-frei.at\/bo3\/wp-content\/uploads\/2020\/03\/background.jpg\",\"contentUrl\":\"https:\/\/www.zeit-frei.at\/bo3\/wp-content\/uploads\/2020\/03\/background.jpg\",\"width\":2000,\"height\":1335,\"caption\":\"Das BO3\"},\"image\":{\"@id\":\"https:\/\/www.zeit-frei.at\/bo3\/#logo\"}},{\"@type\":\"WebSite\",\"@id\":\"https:\/\/www.zeit-frei.at\/bo3\/#website\",\"url\":\"https:\/\/www.zeit-frei.at\/bo3\/\",\"name\":\"BO3\",\"description\":\"Fachdidaktisches Spiel zur Berufsorientierung\",\"publisher\":{\"@id\":\"https:\/\/www.zeit-frei.at\/bo3\/#organization\"},\"potentialAction\":[{\"@type\":\"SearchAction\",\"target\":{\"@type\":\"EntryPoint\",\"urlTemplate\":\"https:\/\/www.zeit-frei.at\/bo3\/?s={search_term_string}\"},\"query-input\":\"required name=search_term_string\"}],\"inLanguage\":\"de\"},{\"@type\":\"ImageObject\",\"@id\":\"https:\/\/www.zeit-frei.at\/bo3\/staerkenkaertchen\/#primaryimage\",\"inLanguage\":\"de\",\"url\":\"https:\/\/www.zeit-frei.at\/bo3\/wp-content\/uploads\/2020\/03\/Bildschirmfoto-2020-03-10-um-12.45.24.png\",\"contentUrl\":\"https:\/\/www.zeit-frei.at\/bo3\/wp-content\/uploads\/2020\/03\/Bildschirmfoto-2020-03-10-um-12.45.24.png\",\"width\":1454,\"height\":544},{\"@type\":\"WebPage\",\"@id\":\"https:\/\/www.zeit-frei.at\/bo3\/staerkenkaertchen\/#webpage\",\"url\":\"https:\/\/www.zeit-frei.at\/bo3\/staerkenkaertchen\/\",\"name\":\"St\u00e4rkenk\u00e4rtchen &bull; BO3\",\"isPartOf\":{\"@id\":\"https:\/\/www.zeit-frei.at\/bo3\/#website\"},\"primaryImageOfPage\":{\"@id\":\"https:\/\/www.zeit-frei.at\/bo3\/staerkenkaertchen\/#primaryimage\"},\"datePublished\":\"2020-03-10T11:52:22+00:00\",\"dateModified\":\"2020-03-10T12:00:05+00:00\",\"breadcrumb\":{\"@id\":\"https:\/\/www.zeit-frei.at\/bo3\/staerkenkaertchen\/#breadcrumb\"},\"inLanguage\":\"de\",\"potentialAction\":[{\"@type\":\"ReadAction\",\"target\":[\"https:\/\/www.zeit-frei.at\/bo3\/staerkenkaertchen\/\"]}]},{\"@type\":\"BreadcrumbList\",\"@id\":\"https:\/\/www.zeit-frei.at\/bo3\/staerkenkaertchen\/#breadcrumb\",\"itemListElement\":[{\"@type\":\"ListItem\",\"position\":1,\"name\":\"Startseite\",\"item\":\"https:\/\/www.zeit-frei.at\/bo3\/\"},{\"@type\":\"ListItem\",\"position\":2,\"name\":\"St\u00e4rkenk\u00e4rtchen\"}]}]}<\/script>\n<!-- \/ Yoast SEO plugin. -->","yoast_head_json":{"title":"St\u00e4rkenk\u00e4rtchen &bull; BO3","robots":{"index":"index","follow":"follow","max-snippet":"max-snippet:-1","max-image-preview":"max-image-preview:large","max-video-preview":"max-video-preview:-1"},"canonical":"https:\/\/www.zeit-frei.at\/bo3\/staerkenkaertchen\/","og_locale":"de_DE","og_type":"article","og_title":"St\u00e4rkenk\u00e4rtchen &bull; BO3","og_description":"Es gibt insgesamt 16 St\u00e4rkenk\u00e4rtchen, je ein Bild, das ausgeschrieben Wort und eine dazu passende Erkl\u00e4rung. Auch hier habe ich 12 leere Karten dazu produzieren lassen um die Klasse kreativ werden zu lassen. Auch hier habe ich drei Gruppen gebildet. Diese Unterscheidung habe ich nach den \u201eSt\u00e4rkenkarten\u201c Der AK-Steiermark ausgearbeitet, welche bei den Bewerbungstrainings im [&hellip;]","og_url":"https:\/\/www.zeit-frei.at\/bo3\/staerkenkaertchen\/","og_site_name":"BO3","article_modified_time":"2020-03-10T12:00:05+00:00","og_image":[{"url":"https:\/\/www.zeit-frei.at\/bo3\/wp-content\/uploads\/2020\/03\/Bildschirmfoto-2020-03-10-um-12.45.24-700x262.png"}],"twitter_card":"summary_large_image","twitter_misc":{"Gesch\u00e4tzte Lesezeit":"1\u00a0Minute"},"schema":{"@context":"https:\/\/schema.org","@graph":[{"@type":"Organization","@id":"https:\/\/www.zeit-frei.at\/bo3\/#organization","name":"Das BO3","url":"https:\/\/www.zeit-frei.at\/bo3\/","sameAs":["https:\/\/www.instagram.com\/das.bo3\/"],"logo":{"@type":"ImageObject","@id":"https:\/\/www.zeit-frei.at\/bo3\/#logo","inLanguage":"de","url":"https:\/\/www.zeit-frei.at\/bo3\/wp-content\/uploads\/2020\/03\/background.jpg","contentUrl":"https:\/\/www.zeit-frei.at\/bo3\/wp-content\/uploads\/2020\/03\/background.jpg","width":2000,"height":1335,"caption":"Das BO3"},"image":{"@id":"https:\/\/www.zeit-frei.at\/bo3\/#logo"}},{"@type":"WebSite","@id":"https:\/\/www.zeit-frei.at\/bo3\/#website","url":"https:\/\/www.zeit-frei.at\/bo3\/","name":"BO3","description":"Fachdidaktisches Spiel zur Berufsorientierung","publisher":{"@id":"https:\/\/www.zeit-frei.at\/bo3\/#organization"},"potentialAction":[{"@type":"SearchAction","target":{"@type":"EntryPoint","urlTemplate":"https:\/\/www.zeit-frei.at\/bo3\/?s={search_term_string}"},"query-input":"required name=search_term_string"}],"inLanguage":"de"},{"@type":"ImageObject","@id":"https:\/\/www.zeit-frei.at\/bo3\/staerkenkaertchen\/#primaryimage","inLanguage":"de","url":"https:\/\/www.zeit-frei.at\/bo3\/wp-content\/uploads\/2020\/03\/Bildschirmfoto-2020-03-10-um-12.45.24.png","contentUrl":"https:\/\/www.zeit-frei.at\/bo3\/wp-content\/uploads\/2020\/03\/Bildschirmfoto-2020-03-10-um-12.45.24.png","width":1454,"height":544},{"@type":"WebPage","@id":"https:\/\/www.zeit-frei.at\/bo3\/staerkenkaertchen\/#webpage","url":"https:\/\/www.zeit-frei.at\/bo3\/staerkenkaertchen\/","name":"St\u00e4rkenk\u00e4rtchen &bull; BO3","isPartOf":{"@id":"https:\/\/www.zeit-frei.at\/bo3\/#website"},"primaryImageOfPage":{"@id":"https:\/\/www.zeit-frei.at\/bo3\/staerkenkaertchen\/#primaryimage"},"datePublished":"2020-03-10T11:52:22+00:00","dateModified":"2020-03-10T12:00:05+00:00","breadcrumb":{"@id":"https:\/\/www.zeit-frei.at\/bo3\/staerkenkaertchen\/#breadcrumb"},"inLanguage":"de","potentialAction":[{"@type":"ReadAction","target":["https:\/\/www.zeit-frei.at\/bo3\/staerkenkaertchen\/"]}]},{"@type":"BreadcrumbList","@id":"https:\/\/www.zeit-frei.at\/bo3\/staerkenkaertchen\/#breadcrumb","itemListElement":[{"@type":"ListItem","position":1,"name":"Startseite","item":"https:\/\/www.zeit-frei.at\/bo3\/"},{"@type":"ListItem","position":2,"name":"St\u00e4rkenk\u00e4rtchen"}]}]}},"_links":{"self":[{"href":"https:\/\/www.zeit-frei.at\/bo3\/wp-json\/wp\/v2\/pages\/459"}],"collection":[{"href":"https:\/\/www.zeit-frei.at\/bo3\/wp-json\/wp\/v2\/pages"}],"about":[{"href":"https:\/\/www.zeit-frei.at\/bo3\/wp-json\/wp\/v2\/types\/page"}],"author":[{"embeddable":true,"href":"https:\/\/www.zeit-frei.at\/bo3\/wp-json\/wp\/v2\/users\/1"}],"replies":[{"embeddable":true,"href":"https:\/\/www.zeit-frei.at\/bo3\/wp-json\/wp\/v2\/comments?post=459"}],"version-history":[{"count":6,"href":"https:\/\/www.zeit-frei.at\/bo3\/wp-json\/wp\/v2\/pages\/459\/revisions"}],"predecessor-version":[{"id":479,"href":"https:\/\/www.zeit-frei.at\/bo3\/wp-json\/wp\/v2\/pages\/459\/revisions\/479"}],"wp:attachment":[{"href":"https:\/\/www.zeit-frei.at\/bo3\/wp-json\/wp\/v2\/media?parent=459"}],"curies":[{"name":"wp","href":"https:\/\/api.w.org\/{rel}","templated":true}]}}